{"id":2,"date":"2024-04-05T21:05:10","date_gmt":"2024-04-05T21:05:10","guid":{"rendered":"https:\/\/statigenerali.bresciagiovani.it\/?page_id=2"},"modified":"2025-02-14T16:29:24","modified_gmt":"2025-02-14T16:29:24","slug":"sample-page","status":"publish","type":"page","link":"https:\/\/statigenerali.bresciagiovani.it\/","title":{"rendered":"Sample Page"},"content":{"rendered":"<p><!--themify_builder_static--><img decoding=\"async\" src=\"https:\/\/statigenerali.bresciagiovani.it\/wp-content\/uploads\/2025\/02\/SGG_banner.png\" title=\"SGG_banner\" alt=\"SGG_banner\" srcset=\"https:\/\/statigenerali.bresciagiovani.it\/wp-content\/uploads\/2025\/02\/SGG_banner.png 10176w, https:\/\/statigenerali.bresciagiovani.it\/wp-content\/uploads\/2025\/02\/SGG_banner-300x169.png 300w, https:\/\/statigenerali.bresciagiovani.it\/wp-content\/uploads\/2025\/02\/SGG_banner-1024x577.png 1024w, https:\/\/statigenerali.bresciagiovani.it\/wp-content\/uploads\/2025\/02\/SGG_banner-768x433.png 768w, https:\/\/statigenerali.bresciagiovani.it\/wp-content\/uploads\/2025\/02\/SGG_banner-1536x865.png 1536w, https:\/\/statigenerali.bresciagiovani.it\/wp-content\/uploads\/2025\/02\/SGG_banner-2048x1154.png 2048w, https:\/\/statigenerali.bresciagiovani.it\/wp-content\/uploads\/2025\/02\/SGG_banner-1024x577-887x500.png 887w\" sizes=\"(max-width: 10176px) 100vw, 10176px\" \/><\/p>\n<h2><strong>Un anno di ascolto, dialogo e partecipazione per tracciare insieme il futuro della citt\u00e0.<\/strong><\/h2>\n<p>L\u201911 maggio scorso si sono tenuti a Brescia gli\u00a0<b>Stati Generali Giovani<\/b>, una giornata di partecipazione civica che ha messo in dialogo istituzioni, amministratori, ragazze e ragazzi con l\u2019obiettivo di tracciare gli indirizzi che guideranno le scelte politiche e amministrative del futuro per costruire insieme una citt\u00e0 sempre pi\u00f9 coesa, armonica, inclusiva e al passo con i tempi.<\/p>\n<p>Una giornata che\u00a0<strong>ha coinvolto pi\u00f9 di 240 ragazze e ragazzi, 76 rappresentanti del terzo settore, 21 amministratori locali<\/strong>\u00a0e numerosi attori della vita cittadina.<\/p>\n<p>L\u2019iniziativa, fortemente voluta dall\u2019Amministrazione comunale e dall\u2019assessorato alle Politiche Giovanili, \u00e8 stata anticipata da una fase sperimentale che, da dicembre 2023 a maggio 2024, ha raccolto le voci, le idee, i sogni e i progetti dei giovani chiamati a prendere parte a un ciclo di 15 focus group di approfondimento, tenuti e moderati da educatrici ed educatori.<\/p>\n<p><strong>Gli Stati Generali hanno segnato un netto cambio di rotta nel modo di intendere le Politiche Giovanili<\/strong>: una scelta di campo che \u00e8 nata come una sperimentazione, ma che da qui in poi vuole diventare una prassi per l\u2019Amministrazione comunale.<\/p>\n<p>Dopo la partecipazione e la condivisione, sono seguiti mesi di lavoro per elaborare quanto era arrivato dai ragazzi e dalle ragazze coinvolte nell\u2019affrontare i\u00a0tre temi emblematici proposti per questa prima edizione:\u00a0<b>Cultura<\/b>,\u00a0<b>Notte<\/b>\u00a0e\u00a0<b>Spazi pubblici<\/b>.<\/p>\n<p>Perch\u00e9 non restasse solo un bel progetto di partecipazione, ma diventasse un metodo reale di lavoro che l\u2019Amministrazione potesse utilizzare per orientare le proprie Politiche Giovanili, ma anche Cultura, Lavori Pubblici e Ambiente, sono stati necessari diversi tavoli di lavoro al proprio interno per produrre un documento, denominato\u00a0<a href=\"https:\/\/statigenerali.bresciagiovani.it\/wp-content\/uploads\/2025\/02\/SGG-AgendaDiPriorita.pdf\" target=\"_blank\" rel=\"noopener\"><b>Agenda delle Priorit\u00e0<\/b><\/a>, che mettesse in luce sia le istanze presentate dai ragazzi, sia le risposte concrete dell\u2019Amministrazione.<\/p>\n<p>Il lavoro verr\u00e0 presentato in un incontro pubblico\u00a0<b>mercoled\u00ec 19 febbraio alle 18 al MO.CA \u2013 Centro per le nuove culture,\u00a0<\/b>sede di Informagiovani, con l\u2019assessora<strong>\u00a0Anna Frattini<\/strong>\u00a0e il sociologo<strong>\u00a0Stefano Laffi<\/strong>.<\/p>\n<p>Info e iscrizioni:\u00a0<a href=\"mailto:statigeneraligiovani@comune.brescia.it\">statigeneraligiovani@comune.brescia.it<\/a><\/p>\n<p><img decoding=\"async\" src=\"https:\/\/statigenerali.bresciagiovani.it\/wp-content\/uploads\/2025\/02\/SGG-Locandina-evento-19-febbraio.png\" title=\"SGG Locandina evento 19 febbraio\" alt=\"SGG Locandina evento 19 febbraio\" srcset=\"https:\/\/statigenerali.bresciagiovani.it\/wp-content\/uploads\/2025\/02\/SGG-Locandina-evento-19-febbraio.png 1414w, https:\/\/statigenerali.bresciagiovani.it\/wp-content\/uploads\/2025\/02\/SGG-Locandina-evento-19-febbraio-212x300.png 212w, https:\/\/statigenerali.bresciagiovani.it\/wp-content\/uploads\/2025\/02\/SGG-Locandina-evento-19-febbraio-724x1024.png 724w, https:\/\/statigenerali.bresciagiovani.it\/wp-content\/uploads\/2025\/02\/SGG-Locandina-evento-19-febbraio-768x1086.png 768w, https:\/\/statigenerali.bresciagiovani.it\/wp-content\/uploads\/2025\/02\/SGG-Locandina-evento-19-febbraio-1086x1536.png 1086w\" sizes=\"(max-width: 1414px) 100vw, 1414px\" \/><\/p>\n<h3>Agenda delle Priorit\u00e0<\/h3>\n<p>A partire dai bisogni trasversali emersi durante gli Stati Generali dei Giovani, \u00e8 nata l\u2019Agenda delle Priorit\u00e0: una mappatura per tracciare le azioni e i progetti con cui l\u2019Amministrazione comunale intende rispondere alle sollecitazioni dei giovani e delle giovani, al fine di innescare processi di attivazione e di interesse. <a href=\"https:\/\/statigenerali.bresciagiovani.it\/wp-content\/uploads\/2025\/02\/AgendaDiPriorita_SGG.pdf\" rel=\"noopener\" target=\"_blank\"> Scarica il report <\/a><a href=\"https:\/\/www.youtube.com\/watch?v=ktQBUForGxM&#038;list=PLuQjsdCzyKe1l8bZylx8bMPlcWH97c5UH&#038;index=2\">https:\/\/www.youtube.com\/watch?v=ktQBUForGxM&#038;list=PLuQjsdCzyKe1l8bZylx8bMPlcWH97c5UH&#038;index=2<\/a><\/p>\n<p><a href=\"https:\/\/www.youtube.com\/watch?v=wkNf6xhoajA&#038;list=PLuQjsdCzyKe1l8bZylx8bMPlcWH97c5UH&#038;index=3\">https:\/\/www.youtube.com\/watch?v=wkNf6xhoajA&#038;list=PLuQjsdCzyKe1l8bZylx8bMPlcWH97c5UH&#038;index=3<\/a><\/p>\n<p><a href=\"https:\/\/www.youtube.com\/watch?v=12CltxAvc1Q&#038;list=PLuQjsdCzyKe1l8bZylx8bMPlcWH97c5UH&#038;index=4\">https:\/\/www.youtube.com\/watch?v=12CltxAvc1Q&#038;list=PLuQjsdCzyKe1l8bZylx8bMPlcWH97c5UH&#038;index=4<\/a><\/p>\n<p><a href=\"https:\/\/forms.gle\/TjMhWWofriUjxgjj8\" target=\"_blank\" rel=\"noopener\"> ISCRIVITI <\/a><\/p>\n<div class=\"post-video\"><iframe loading=\"lazy\" title=\"Stati Generali Giovani\" width=\"1165\" height=\"655\" src=\"https:\/\/www.youtube.com\/embed\/c9mLRaCH2Ys?feature=oembed\" frameborder=\"0\" allow=\"accelerometer; autoplay; clipboard-write; encrypted-media; gyroscope; picture-in-picture; web-share\" referrerpolicy=\"strict-origin-when-cross-origin\" allowfullscreen><\/iframe><\/div>\n<h1>Programma<\/h1>\n<p><a href=\"#ospiti\"> <img decoding=\"async\" src=\"https:\/\/statigenerali.bresciagiovani.it\/wp-content\/uploads\/2024\/05\/mappa-orari_sx-scaled.jpg\" title=\"mappa orari\" alt=\"mappa orari\" srcset=\"https:\/\/statigenerali.bresciagiovani.it\/wp-content\/uploads\/2024\/05\/mappa-orari_sx-scaled.jpg 2560w, https:\/\/statigenerali.bresciagiovani.it\/wp-content\/uploads\/2024\/05\/mappa-orari_sx-300x250.jpg 300w, https:\/\/statigenerali.bresciagiovani.it\/wp-content\/uploads\/2024\/05\/mappa-orari_sx-1024x854.jpg 1024w, https:\/\/statigenerali.bresciagiovani.it\/wp-content\/uploads\/2024\/05\/mappa-orari_sx-768x641.jpg 768w, https:\/\/statigenerali.bresciagiovani.it\/wp-content\/uploads\/2024\/05\/mappa-orari_sx-1536x1281.jpg 1536w, https:\/\/statigenerali.bresciagiovani.it\/wp-content\/uploads\/2024\/05\/mappa-orari_sx-2048x1708.jpg 2048w\" sizes=\"(max-width: 2560px) 100vw, 2560px\" \/> <\/a><br \/>\n<a href=\"#ospiti\"> <img decoding=\"async\" src=\"https:\/\/statigenerali.bresciagiovani.it\/wp-content\/uploads\/2024\/05\/mappa-orari-mobile_up-scaled.jpg\" title=\"mappa orari mobile\" alt=\"mappa orari mobile\" srcset=\"https:\/\/statigenerali.bresciagiovani.it\/wp-content\/uploads\/2024\/05\/mappa-orari-mobile_up-scaled.jpg 2560w, https:\/\/statigenerali.bresciagiovani.it\/wp-content\/uploads\/2024\/05\/mappa-orari-mobile_up-300x232.jpg 300w, https:\/\/statigenerali.bresciagiovani.it\/wp-content\/uploads\/2024\/05\/mappa-orari-mobile_up-1024x793.jpg 1024w, https:\/\/statigenerali.bresciagiovani.it\/wp-content\/uploads\/2024\/05\/mappa-orari-mobile_up-768x595.jpg 768w, https:\/\/statigenerali.bresciagiovani.it\/wp-content\/uploads\/2024\/05\/mappa-orari-mobile_up-1536x1190.jpg 1536w, https:\/\/statigenerali.bresciagiovani.it\/wp-content\/uploads\/2024\/05\/mappa-orari-mobile_up-2048x1586.jpg 2048w\" sizes=\"(max-width: 2560px) 100vw, 2560px\" \/> <\/a><br \/>\n<a href=\"#workcafe\"> <img decoding=\"async\" src=\"https:\/\/statigenerali.bresciagiovani.it\/wp-content\/uploads\/2024\/05\/mappa-orari_dx-scaled.jpg\" title=\"mappa orari\" alt=\"mappa orari\" srcset=\"https:\/\/statigenerali.bresciagiovani.it\/wp-content\/uploads\/2024\/05\/mappa-orari_dx-scaled.jpg 2560w, https:\/\/statigenerali.bresciagiovani.it\/wp-content\/uploads\/2024\/05\/mappa-orari_dx-300x250.jpg 300w, https:\/\/statigenerali.bresciagiovani.it\/wp-content\/uploads\/2024\/05\/mappa-orari_dx-1024x853.jpg 1024w, https:\/\/statigenerali.bresciagiovani.it\/wp-content\/uploads\/2024\/05\/mappa-orari_dx-768x639.jpg 768w, https:\/\/statigenerali.bresciagiovani.it\/wp-content\/uploads\/2024\/05\/mappa-orari_dx-1536x1279.jpg 1536w, https:\/\/statigenerali.bresciagiovani.it\/wp-content\/uploads\/2024\/05\/mappa-orari_dx-2048x1705.jpg 2048w\" sizes=\"(max-width: 2560px) 100vw, 2560px\" \/> <\/a><br \/>\n<a href=\"#workcafe\"> <img decoding=\"async\" src=\"https:\/\/statigenerali.bresciagiovani.it\/wp-content\/uploads\/2024\/05\/mappa-orari-mobile_down-scaled.jpg\" title=\"mappa orari mobile\" alt=\"mappa orari mobile\" srcset=\"https:\/\/statigenerali.bresciagiovani.it\/wp-content\/uploads\/2024\/05\/mappa-orari-mobile_down-scaled.jpg 2560w, https:\/\/statigenerali.bresciagiovani.it\/wp-content\/uploads\/2024\/05\/mappa-orari-mobile_down-300x232.jpg 300w, https:\/\/statigenerali.bresciagiovani.it\/wp-content\/uploads\/2024\/05\/mappa-orari-mobile_down-1024x793.jpg 1024w, https:\/\/statigenerali.bresciagiovani.it\/wp-content\/uploads\/2024\/05\/mappa-orari-mobile_down-768x594.jpg 768w, https:\/\/statigenerali.bresciagiovani.it\/wp-content\/uploads\/2024\/05\/mappa-orari-mobile_down-1536x1189.jpg 1536w, https:\/\/statigenerali.bresciagiovani.it\/wp-content\/uploads\/2024\/05\/mappa-orari-mobile_down-2048x1585.jpg 2048w\" sizes=\"(max-width: 2560px) 100vw, 2560px\" \/> <\/a><\/p>\n<h1>Special Guests<\/h1>\n<p><img decoding=\"async\" src=\"https:\/\/statigenerali.bresciagiovani.it\/wp-content\/uploads\/2024\/04\/stefano_laffi.jpeg\" title=\"Quale citt\u00e0 si desidera a 20 anni?\" alt=\"Una citt\u00e0 \u00e8 anche un display su cui proiettare desideri. Ma si guarda sempre con un corpo. Et\u00e0 e genere ci fanno vedere cose diverse, uno spazio pubblico pu\u00f2 sembrare al contempo invitante o minaccioso, piacevole o inutile. Una fase di ascolto ha disegnato con ragazze e ragazzi di Brescia la citt\u00e0 che vorrebbero, l&#039;agenda delle questioni che contano, per avere una politica in dialogo con le loro istanze.\" srcset=\"https:\/\/statigenerali.bresciagiovani.it\/wp-content\/uploads\/2024\/04\/stefano_laffi.jpeg 474w, https:\/\/statigenerali.bresciagiovani.it\/wp-content\/uploads\/2024\/04\/stefano_laffi-300x300.jpeg 300w, https:\/\/statigenerali.bresciagiovani.it\/wp-content\/uploads\/2024\/04\/stefano_laffi-150x150.jpeg 150w\" sizes=\"(max-width: 474px) 100vw, 474px\" \/><\/p>\n<h3> Quale citt\u00e0 si desidera a 20 anni?<\/h3>\n<p>Una citt\u00e0 \u00e8 anche un display su cui proiettare desideri. Ma si guarda sempre con un corpo. Et\u00e0 e genere ci fanno vedere cose diverse, uno spazio pubblico pu\u00f2 sembrare al contempo invitante o minaccioso, piacevole o inutile. Una fase di ascolto ha disegnato con ragazze e ragazzi di Brescia la citt\u00e0 che vorrebbero, l&#8217;agenda delle questioni che contano, per avere una politica in dialogo con le loro istanze.<\/p>\n<h2>Stefano Laffi<\/h2>\n<p>Sociologo, ricercatore sul campo, membro della cooperativa sociale &#8220;<a href=\"https:\/\/www.codiciricerche.it\/it\">Codici<\/a>&#8221; di Milano.<br \/>\nDa molti anni realizza progetti con gruppi di adolescenti e giovani, per favorirne il protagonismo, la presa di parola, la ricerca fra pari, l\u2019immaginazione al servizio dei luoghi della cultura, dell\u2019istruzione, della citt\u00e0.<br \/>\n<img decoding=\"async\" src=\"https:\/\/statigenerali.bresciagiovani.it\/wp-content\/uploads\/2024\/04\/Vincenza_Pellegrino.jpg\" title=\"La capacit\u00e0 di aspirazione dei giovani oggi\" alt=\"La capacit\u00e0 di aspirazione dei giovani oggi\" srcset=\"https:\/\/statigenerali.bresciagiovani.it\/wp-content\/uploads\/2024\/04\/Vincenza_Pellegrino.jpg 506w, https:\/\/statigenerali.bresciagiovani.it\/wp-content\/uploads\/2024\/04\/Vincenza_Pellegrino-300x300.jpg 300w, https:\/\/statigenerali.bresciagiovani.it\/wp-content\/uploads\/2024\/04\/Vincenza_Pellegrino-150x150.jpg 150w\" sizes=\"(max-width: 506px) 100vw, 506px\" \/><\/p>\n<h3> La capacit\u00e0 di aspirazione dei giovani oggi<\/h3>\n<h2>Vincenza Pellegrino<\/h2>\n<p>Docente di Politiche Sociali, Sociologia Culturale e\u00a0 Sociologia della Globalizzazione presso Universit\u00e0 degli Studi di Parma e coordinatrice dell&#8217;Area Scienze Politiche e Sociali dell&#8217;Ateneo.Delegata del Rettore per le attivit\u00e0 in carcere e per le attivit\u00e0 di didattica-ricerca collettiva e partecipativa.<br \/>\n<img decoding=\"async\" src=\"https:\/\/statigenerali.bresciagiovani.it\/wp-content\/uploads\/2024\/04\/Tommaso-Salaroli.png\" title=\"Uno Scomodo in citt\u00e0\" alt=\"Uno Scomodo in citt\u00e0\" srcset=\"https:\/\/statigenerali.bresciagiovani.it\/wp-content\/uploads\/2024\/04\/Tommaso-Salaroli.png 440w, https:\/\/statigenerali.bresciagiovani.it\/wp-content\/uploads\/2024\/04\/Tommaso-Salaroli-300x300.png 300w, https:\/\/statigenerali.bresciagiovani.it\/wp-content\/uploads\/2024\/04\/Tommaso-Salaroli-150x150.png 150w\" sizes=\"(max-width: 440px) 100vw, 440px\" \/><\/p>\n<h3> Uno Scomodo in citt\u00e0<\/h3>\n<h2>Tommaso Salaroli<\/h2>\n<p>Giovane sognatore e ribelle, attivista all&#8217;interno dei movimenti studenteschi romani. Curioso e sempre alla ricerca di stimoli, a 17 anni fonda insieme ad un amico &#8220;<a href=\"https:\/\/scomodo.org\/\">Scomodo<\/a>&#8220;, una rivista studentesca, attorno alla quale costruiscono una grande comunit\u00e0 che sviluppa progetti culturali coinvolgendo e dando spazio a idee, sogni e speranze dei loro coetanei.<\/p>\n<h1>Workcaf\u00e8<\/h1>\n<h1 style=\"text-align: left;\">CULTURA<\/h1>\n<h1 style=\"text-align: left;\">Francesca Bertoglio, Brescia Bergamo Capitali della Cultura<\/h1>\n<h1 style=\"text-align: left;\">Franz Barcella,<br \/>\nDaste Bergamo<\/h1>\n<p style=\"text-align: left;\">Salvaguardare le differenze, coinvolgere i giovani e le giovani, renderli protagonisti, comunicare e valorizzare la cultura.<\/p>\n<h1 style=\"text-align: left;\">NOTTE<\/h1>\n<h1>Giulia Casonato,<br \/>\nSindaca della Notte di Trento<\/h1>\n<h1>Alberto Belgesto,<br \/>\nFesta della Musica<\/h1>\n<p style=\"text-align: left;\">Rendere protagonisti i giovani e le giovani, cura e valorizzazione, autonomia, dare fiducia e sicurezza.<\/p>\n<h1 style=\"text-align: left;\">SPAZI PUBBLICI<\/h1>\n<h1 style=\"text-align: left;\">Flavia Tommasini, CHEAP<\/h1>\n<h1 style=\"text-align: left;\">Elena Pivato, Urban Center Brescia<\/h1>\n<p style=\"text-align: left;\">Dare sicurezza, rendere accessibile lo spazio pubblico, coinvolgere i giovani e le giovani nella progettazione e nell&#8217;avere cura del bene comune.<\/p>\n<p><img loading=\"lazy\" decoding=\"async\" src=\"https:\/\/statigenerali.bresciagiovani.it\/wp-content\/uploads\/2024\/05\/Stati-Generali-Giovani-1-1024x1024-500x500.jpg\" width=\"500\" height=\"500\" title=\"Stati-Generali-Giovani (1)\" alt=\"Stati-Generali-Giovani (1)\" srcset=\"https:\/\/statigenerali.bresciagiovani.it\/wp-content\/uploads\/2024\/05\/Stati-Generali-Giovani-1-1024x1024-500x500.jpg 500w, https:\/\/statigenerali.bresciagiovani.it\/wp-content\/uploads\/2024\/05\/Stati-Generali-Giovani-1-300x300.jpg 300w, https:\/\/statigenerali.bresciagiovani.it\/wp-content\/uploads\/2024\/05\/Stati-Generali-Giovani-1-1024x1024.jpg 1024w, https:\/\/statigenerali.bresciagiovani.it\/wp-content\/uploads\/2024\/05\/Stati-Generali-Giovani-1-150x150.jpg 150w, https:\/\/statigenerali.bresciagiovani.it\/wp-content\/uploads\/2024\/05\/Stati-Generali-Giovani-1-768x768.jpg 768w, https:\/\/statigenerali.bresciagiovani.it\/wp-content\/uploads\/2024\/05\/Stati-Generali-Giovani-1-1536x1536.jpg 1536w, https:\/\/statigenerali.bresciagiovani.it\/wp-content\/uploads\/2024\/05\/Stati-Generali-Giovani-1-2048x2048.jpg 2048w\" sizes=\"(max-width: 500px) 100vw, 500px\" \/> <img loading=\"lazy\" decoding=\"async\" src=\"https:\/\/statigenerali.bresciagiovani.it\/wp-content\/uploads\/2024\/05\/Stati-Generali-Giovani-2-1024x1024-500x500.jpg\" width=\"500\" height=\"500\" title=\"Stati-Generali-Giovani (2)\" alt=\"Stati-Generali-Giovani (2)\" srcset=\"https:\/\/statigenerali.bresciagiovani.it\/wp-content\/uploads\/2024\/05\/Stati-Generali-Giovani-2-1024x1024-500x500.jpg 500w, https:\/\/statigenerali.bresciagiovani.it\/wp-content\/uploads\/2024\/05\/Stati-Generali-Giovani-2-300x300.jpg 300w, https:\/\/statigenerali.bresciagiovani.it\/wp-content\/uploads\/2024\/05\/Stati-Generali-Giovani-2-1024x1024.jpg 1024w, https:\/\/statigenerali.bresciagiovani.it\/wp-content\/uploads\/2024\/05\/Stati-Generali-Giovani-2-150x150.jpg 150w, https:\/\/statigenerali.bresciagiovani.it\/wp-content\/uploads\/2024\/05\/Stati-Generali-Giovani-2-768x768.jpg 768w, https:\/\/statigenerali.bresciagiovani.it\/wp-content\/uploads\/2024\/05\/Stati-Generali-Giovani-2-1536x1536.jpg 1536w, https:\/\/statigenerali.bresciagiovani.it\/wp-content\/uploads\/2024\/05\/Stati-Generali-Giovani-2-2048x2048.jpg 2048w\" sizes=\"(max-width: 500px) 100vw, 500px\" \/> <img loading=\"lazy\" decoding=\"async\" src=\"https:\/\/statigenerali.bresciagiovani.it\/wp-content\/uploads\/2024\/05\/Stati-Generali-Giovani-3-1024x1024-500x500.jpg\" width=\"500\" height=\"500\" title=\"Stati-Generali-Giovani (3)\" alt=\"Stati-Generali-Giovani (3)\" srcset=\"https:\/\/statigenerali.bresciagiovani.it\/wp-content\/uploads\/2024\/05\/Stati-Generali-Giovani-3-1024x1024-500x500.jpg 500w, https:\/\/statigenerali.bresciagiovani.it\/wp-content\/uploads\/2024\/05\/Stati-Generali-Giovani-3-300x300.jpg 300w, https:\/\/statigenerali.bresciagiovani.it\/wp-content\/uploads\/2024\/05\/Stati-Generali-Giovani-3-1024x1024.jpg 1024w, https:\/\/statigenerali.bresciagiovani.it\/wp-content\/uploads\/2024\/05\/Stati-Generali-Giovani-3-150x150.jpg 150w, https:\/\/statigenerali.bresciagiovani.it\/wp-content\/uploads\/2024\/05\/Stati-Generali-Giovani-3-768x768.jpg 768w, https:\/\/statigenerali.bresciagiovani.it\/wp-content\/uploads\/2024\/05\/Stati-Generali-Giovani-3-1536x1536.jpg 1536w, https:\/\/statigenerali.bresciagiovani.it\/wp-content\/uploads\/2024\/05\/Stati-Generali-Giovani-3-2048x2048.jpg 2048w\" sizes=\"(max-width: 500px) 100vw, 500px\" \/> <img loading=\"lazy\" decoding=\"async\" src=\"https:\/\/statigenerali.bresciagiovani.it\/wp-content\/uploads\/2024\/05\/Stati-Generali-Giovani-4-1024x1024-500x500.jpg\" width=\"500\" height=\"500\" title=\"Stati-Generali-Giovani (4)\" alt=\"Stati-Generali-Giovani (4)\" srcset=\"https:\/\/statigenerali.bresciagiovani.it\/wp-content\/uploads\/2024\/05\/Stati-Generali-Giovani-4-1024x1024-500x500.jpg 500w, https:\/\/statigenerali.bresciagiovani.it\/wp-content\/uploads\/2024\/05\/Stati-Generali-Giovani-4-300x300.jpg 300w, https:\/\/statigenerali.bresciagiovani.it\/wp-content\/uploads\/2024\/05\/Stati-Generali-Giovani-4-1024x1024.jpg 1024w, https:\/\/statigenerali.bresciagiovani.it\/wp-content\/uploads\/2024\/05\/Stati-Generali-Giovani-4-150x150.jpg 150w, https:\/\/statigenerali.bresciagiovani.it\/wp-content\/uploads\/2024\/05\/Stati-Generali-Giovani-4-768x768.jpg 768w, https:\/\/statigenerali.bresciagiovani.it\/wp-content\/uploads\/2024\/05\/Stati-Generali-Giovani-4-1536x1536.jpg 1536w, https:\/\/statigenerali.bresciagiovani.it\/wp-content\/uploads\/2024\/05\/Stati-Generali-Giovani-4-2048x2048.jpg 2048w\" sizes=\"(max-width: 500px) 100vw, 500px\" \/> <img loading=\"lazy\" decoding=\"async\" src=\"https:\/\/statigenerali.bresciagiovani.it\/wp-content\/uploads\/2024\/05\/Stati-Generali-Giovani-5-1024x1024-500x500.jpg\" width=\"500\" height=\"500\" title=\"Stati-Generali-Giovani (5)\" alt=\"Stati-Generali-Giovani (5)\" srcset=\"https:\/\/statigenerali.bresciagiovani.it\/wp-content\/uploads\/2024\/05\/Stati-Generali-Giovani-5-1024x1024-500x500.jpg 500w, https:\/\/statigenerali.bresciagiovani.it\/wp-content\/uploads\/2024\/05\/Stati-Generali-Giovani-5-300x300.jpg 300w, https:\/\/statigenerali.bresciagiovani.it\/wp-content\/uploads\/2024\/05\/Stati-Generali-Giovani-5-1024x1024.jpg 1024w, https:\/\/statigenerali.bresciagiovani.it\/wp-content\/uploads\/2024\/05\/Stati-Generali-Giovani-5-150x150.jpg 150w, https:\/\/statigenerali.bresciagiovani.it\/wp-content\/uploads\/2024\/05\/Stati-Generali-Giovani-5-768x768.jpg 768w, https:\/\/statigenerali.bresciagiovani.it\/wp-content\/uploads\/2024\/05\/Stati-Generali-Giovani-5-1536x1536.jpg 1536w, https:\/\/statigenerali.bresciagiovani.it\/wp-content\/uploads\/2024\/05\/Stati-Generali-Giovani-5-2048x2048.jpg 2048w\" sizes=\"(max-width: 500px) 100vw, 500px\" \/><\/p>\n<h1>Verso gli Stati Generali dei Giovani<\/h1>\n<h3>Un percorso di dialogo e confronto con i giovani e le giovani di Brescia durato sei mesi, tra focus group e pranzi tematici, nelle cinque zone della citt\u00e0. Un&#8217;occasione unica per confrontarsi tra loro e portare idee, proposte e bisogni all&#8217;Assessora alle Politiche Giovanili del Comune di Brescia, Anna Frattini.<\/h3>\n<p>Scopri cosa \u00e8 stato fatto e quali sono i temi d&#8217;interesse per i giovani, clicca sulla mappa.<\/p>\n<p><a href=\"https:\/\/bresciagiovani.it\/stati-generali-giovani\/\"> <img decoding=\"async\" src=\"https:\/\/statigenerali.bresciagiovani.it\/wp-content\/uploads\/2024\/04\/mappa-incontri-1024x576-888x500.jpg\" height=\"500\" title=\"mappa incontri\" alt=\"mappa incontri\" srcset=\"https:\/\/statigenerali.bresciagiovani.it\/wp-content\/uploads\/2024\/04\/mappa-incontri-1024x576-888x500.jpg 888w, https:\/\/statigenerali.bresciagiovani.it\/wp-content\/uploads\/2024\/04\/mappa-incontri-300x169.jpg 300w, https:\/\/statigenerali.bresciagiovani.it\/wp-content\/uploads\/2024\/04\/mappa-incontri-1024x576.jpg 1024w, https:\/\/statigenerali.bresciagiovani.it\/wp-content\/uploads\/2024\/04\/mappa-incontri-768x432.jpg 768w, https:\/\/statigenerali.bresciagiovani.it\/wp-content\/uploads\/2024\/04\/mappa-incontri-1536x864.jpg 1536w, https:\/\/statigenerali.bresciagiovani.it\/wp-content\/uploads\/2024\/04\/mappa-incontri-2048x1152.jpg 2048w\" sizes=\"(max-width: 888px) 100vw, 888px\" \/> <\/a><br \/>\n<img loading=\"lazy\" decoding=\"async\" src=\"https:\/\/statigenerali.bresciagiovani.it\/wp-content\/uploads\/2024\/04\/comune-di-brescia_logo-101x167.png\" width=\"101\" height=\"167\" title=\"comune di brescia_logo\" alt=\"Assessorato alle Politiche Giovanili\" srcset=\"https:\/\/statigenerali.bresciagiovani.it\/wp-content\/uploads\/2024\/04\/comune-di-brescia_logo-101x167.png 101w, https:\/\/statigenerali.bresciagiovani.it\/wp-content\/uploads\/2024\/04\/comune-di-brescia_logo-183x300.png 183w, https:\/\/statigenerali.bresciagiovani.it\/wp-content\/uploads\/2024\/04\/comune-di-brescia_logo.png 273w\" sizes=\"(max-width: 101px) 100vw, 101px\" \/> Assessorato alle Politiche Giovanili<br \/>\n<img loading=\"lazy\" decoding=\"async\" src=\"https:\/\/statigenerali.bresciagiovani.it\/wp-content\/uploads\/2024\/04\/BresciaGiovani_logo-1024x794-160x124.png\" width=\"160\" height=\"124\" title=\"BresciaGiovani_logo\" alt=\"BresciaGiovani_logo\" srcset=\"https:\/\/statigenerali.bresciagiovani.it\/wp-content\/uploads\/2024\/04\/BresciaGiovani_logo-1024x794-160x124.png 160w, https:\/\/statigenerali.bresciagiovani.it\/wp-content\/uploads\/2024\/04\/BresciaGiovani_logo-300x233.png 300w, https:\/\/statigenerali.bresciagiovani.it\/wp-content\/uploads\/2024\/04\/BresciaGiovani_logo-1024x794.png 1024w, https:\/\/statigenerali.bresciagiovani.it\/wp-content\/uploads\/2024\/04\/BresciaGiovani_logo-768x596.png 768w, https:\/\/statigenerali.bresciagiovani.it\/wp-content\/uploads\/2024\/04\/BresciaGiovani_logo.png 1151w\" sizes=\"(max-width: 160px) 100vw, 160px\" \/><!--\/themify_builder_static--><\/p>\n","protected":false},"excerpt":{"rendered":"<p>Un anno di ascolto, dialogo e partecipazione per tracciare insieme il futuro della citt\u00e0. L\u201911 maggio scorso si sono tenuti a Brescia gli\u00a0Stati Generali Giovani, una giornata di partecipazione civica che ha messo in dialogo istituzioni, amministratori, ragazze e ragazzi con l\u2019obiettivo di tracciare gli indirizzi che guideranno le scelte politiche e amministrative del futuro [&hellip;]<\/p>\n","protected":false},"author":1,"featured_media":0,"parent":0,"menu_order":0,"comment_status":"closed","ping_status":"open","template":"","meta":{"footnotes":""},"_links":{"self":[{"href":"https:\/\/statigenerali.bresciagiovani.it\/index.php?rest_route=\/wp\/v2\/pages\/2"}],"collection":[{"href":"https:\/\/statigenerali.bresciagiovani.it\/index.php?rest_route=\/wp\/v2\/pages"}],"about":[{"href":"https:\/\/statigenerali.bresciagiovani.it\/index.php?rest_route=\/wp\/v2\/types\/page"}],"author":[{"embeddable":true,"href":"https:\/\/statigenerali.bresciagiovani.it\/index.php?rest_route=\/wp\/v2\/users\/1"}],"replies":[{"embeddable":true,"href":"https:\/\/statigenerali.bresciagiovani.it\/index.php?rest_route=%2Fwp%2Fv2%2Fcomments&post=2"}],"version-history":[{"count":269,"href":"https:\/\/statigenerali.bresciagiovani.it\/index.php?rest_route=\/wp\/v2\/pages\/2\/revisions"}],"predecessor-version":[{"id":332,"href":"https:\/\/statigenerali.bresciagiovani.it\/index.php?rest_route=\/wp\/v2\/pages\/2\/revisions\/332"}],"wp:attachment":[{"href":"https:\/\/statigenerali.bresciagiovani.it\/index.php?rest_route=%2Fwp%2Fv2%2Fmedia&parent=2"}],"curies":[{"name":"wp","href":"https:\/\/api.w.org\/{rel}","templated":true}]}}